{"id":2,"date":"2025-03-15T21:26:23","date_gmt":"2025-03-16T02:26:23","guid":{"rendered":"http:\/\/ximbernal.com\/?page_id=2"},"modified":"2025-06-13T19:50:08","modified_gmt":"2025-06-14T00:50:08","slug":"pagina-ejemplo","status":"publish","type":"page","link":"https:\/\/ximbernal.com\/?page_id=2","title":{"rendered":"RESE\u00d1AS"},"content":{"rendered":"\n<blockquote class=\"wp-block-quote is-layout-flow wp-block-quote-is-layout-flow\">\n<p><\/p>\n<\/blockquote>\n\n\n\n<blockquote class=\"wp-block-quote is-layout-flow wp-block-quote-is-layout-flow\">\n<p>\u00bfYa te atendiste conmigo?<\/p>\n\n\n\n<p><br>Deja tu opini\u00f3n aqu\u00ed, me encantar\u00eda leerte. Gracias por ser parte de este espacio!<\/p>\n<\/blockquote>\n\n\n<div data-wpcr3-content=\"2\"><div class='wpcr3_respond_1 wpcr3_in_content' data-ajaxurl='[\"https:||ximbernal\",\"com|wp-admin|admin-ajax\",\"php?action=wpcr3-ajax\"]' data-on-postid='2'data-postid='2'><div class=\"wpcr3_respond_2\"><div class=\"wpcr3_div_2\"><table class=\"wpcr3_table_2\"><tbody><tr><td colspan=\"2\"><div class=\"wpcr3_leave_text\">Submit your review<\/div><\/td><\/tr><tr class=\"wpcr3_review_form_text_field\"><td><label for=\"wpcr3_fname\" class=\"comment-field\">Nombre: <\/label><\/td><td><input maxlength=\"150\" class=\"text-input wpcr3_required\" type=\"text\" id=\"wpcr3_fname\" name=\"wpcr3_fname\" value=\"\" \/><\/td><\/tr><tr class=\"wpcr3_review_form_text_field\"><td><label for=\"wpcr3_femail\" class=\"comment-field\">E-mail: <\/label><\/td><td><input maxlength=\"150\" class=\"text-input wpcr3_required\" type=\"text\" id=\"wpcr3_femail\" name=\"wpcr3_femail\" value=\"\" \/><\/td><\/tr><tr class=\"wpcr3_review_form_rating_field\"><td><label for=\"id_wpcr3_frating\" class=\"comment-field\">Rating: <\/label><\/td><td><div class=\"wpcr3_rating_stars\"><div class=\"wpcr3_rating_style1\"><div class=\"wpcr3_rating_style1_status\"><div class=\"wpcr3_rating_style1_score\"><div class=\"wpcr3_rating_style1_score1\">1<\/div><div class=\"wpcr3_rating_style1_score2\">2<\/div><div class=\"wpcr3_rating_style1_score3\">3<\/div><div class=\"wpcr3_rating_style1_score4\">4<\/div><div class=\"wpcr3_rating_style1_score5\">5<\/div><\/div><\/div><div class=\"wpcr3_rating_style1_base wpcr3_hide\"><div class=\"wpcr3_rating_style1_average\" style=\"width:0%;\"><\/div><\/div><\/div><\/div><input style=\"display:none;\" type=\"hidden\" class=\"wpcr3_required wpcr3_frating\" id=\"id_wpcr3_frating\"name=\"wpcr3_frating\" \/><\/td><\/tr><tr class=\"wpcr3_review_form_review_field_label\"><td colspan=\"2\"><label for=\"id_wpcr3_ftext\" class=\"comment-field\">Review: <\/label><\/td><\/tr><tr class=\"wpcr3_review_form_review_field_textarea\"><td colspan=\"2\"><textarea class=\"wpcr3_required wpcr3_ftext\" id=\"id_wpcr3_ftext\" name=\"wpcr3_ftext\" rows=\"8\"cols=\"50\"><\/textarea><\/td><\/tr><tr><td colspan=\"2\" class=\"wpcr3_check_confirm\"><div class=\"wpcr3_clear\"><\/div><input type=\"hidden\" name=\"wpcr3_postid\" value=\"2\" \/><input type=\"text\" class=\"wpcr3_fakehide wpcr3_fake_website\" name=\"website\" \/><input type=\"text\" class=\"wpcr3_fakehide wpcr3_fake_url\" name=\"url\" \/><input type=\"checkbox\" class=\"wpcr3_fakehide wpcr3_fconfirm1\" name=\"wpcr3_fconfirm1\" value=\"1\" \/><label><input type=\"checkbox\" name=\"wpcr3_fconfirm2\" class=\"wpcr3_fconfirm2\" value=\"1\" \/>&nbsp; Check this box to confirm you are human.<\/label><input type=\"checkbox\" class=\"wpcr3_fakehide wpcr3_fconfirm3\" name=\"wpcr3_fconfirm3\" checked=\"checked\" value=\"1\" \/><\/td><\/tr><tr><td colspan=\"2\"><div class=\"wpcr3_button_1 wpcr3_submit_btn\">Submit<\/div>&nbsp;&nbsp;&nbsp;&nbsp;&nbsp;<div class=\"wpcr3_button_1 wpcr3_cancel_btn\">Cancel<\/div><\/td><\/tr><\/tbody><\/table><\/div><\/div><div class=\"wpcr3_clear wpcr3_pb5\"><\/div><div class=\"wpcr3_respond_3\"><p><div class=\"wpcr3_button_1 wpcr3_show_btn\">Create your own review<\/div><\/p><\/div><div class=\"wpcr3_dotline\"><\/div><div class=\"wpcr3_reviews_holder\"><div class=\"wpcr3_review_item\"><div class=\"wpcr3_item wpcr3_business\" itemscope itemtype=\"https:\/\/schema.org\/LocalBusiness\"><div class=\"wpcr3_item_name\">XIMENA BERNAL<\/div><meta itemprop=\"name\" content=\"XIMENA BERNAL\" \/><meta itemprop=\"url\" content=\"https:\/\/ximbernal.com\" \/><meta itemprop=\"image\" content=\"https:\/\/ximbernal.com\/wp-content\/plugins\/wp-customer-reviews\/css\/1x1.png\" \/><div class=\"wpcr3_aggregateRating\" itemprop=\"aggregateRating\" itemscope itemtype=\"https:\/\/schema.org\/AggregateRating\"><meta itemprop=\"bestRating\" content=\"5\" \/><meta itemprop=\"worstRating\" content=\"1\" \/><meta itemprop=\"ratingValue\" content=\"5.00\" \/><meta itemprop=\"reviewCount\" content=\"4\" \/><span class=\"wpcr3_aggregateRating_overallText\">Average rating: <\/span>&nbsp;<div class=\"wpcr3_aggregateRating_ratingValue\"><div class=\"wpcr3_rating_style1\"><div class=\"wpcr3_rating_style1_base \"><div class=\"wpcr3_rating_style1_average\" style=\"width:100%;\"><\/div><\/div><\/div><\/div>&nbsp;<span class=\"wpcr3_aggregateRating_reviewCount\">4 reviews<\/span><\/div><div class=\"wpcr3_dotline\"><\/div><div id=\"wpcr3_id_163\" class=\"wpcr3_review\" itemprop=\"review\" itemscope itemtype=\"https:\/\/schema.org\/Review\"><div class=\"wpcr3_hide\" itemprop=\"author\" itemscope itemtype=\"https:\/\/schema.org\/Person\"><div itemprop=\"name\">Micaela Land\u00e1zuri<\/div><\/div><div class=\"wpcr3_hide\" itemprop=\"reviewRating\" itemscope itemtype=\"https:\/\/schema.org\/Rating\"><meta itemprop=\"bestRating\" content=\"5\" \/><meta itemprop=\"worstRating\" content=\"1\" \/><meta itemprop=\"ratingValue\" content=\"5\" \/><\/div><div class=\"wpcr3_review_ratingValue\"><div class=\"wpcr3_rating_style1\"><div class=\"wpcr3_rating_style1_base \"><div class=\"wpcr3_rating_style1_average\" style=\"width:100%;\"><\/div><\/div><\/div><\/div><div class=\"wpcr3_review_datePublished\" itemprop=\"datePublished\">Jun 26, 2025<\/div><div class=\"wpcr3_review_author\">&nbsp;by&nbsp;<span class=\"wpcr3_caps\">Micaela Land\u00e1zuri<\/span><\/div><div class=\"wpcr3_clear\"><\/div><div class=\"wpcr3_clear\"><\/div><blockquote class=\"wpcr3_content\" itemprop=\"reviewBody\"><p>Xime me ha maquillado en diversas ocasiones y en todas he quedado encantada con su trabajo, desde la calidad de sus productos, su profesionalismo, el buen trato, las conversaciones durante el proceso, TODO, se nota cuando alguien hace su trabajo con pasi\u00f3n y ella es una de esas personas, volver\u00eda a ella mil veces.<\/p><\/blockquote><\/div><div class=\"wpcr3_dotline\"><\/div><div id=\"wpcr3_id_162\" class=\"wpcr3_review\" itemprop=\"review\" itemscope itemtype=\"https:\/\/schema.org\/Review\"><div class=\"wpcr3_hide\" itemprop=\"author\" itemscope itemtype=\"https:\/\/schema.org\/Person\"><div itemprop=\"name\">Diana Valencia<\/div><\/div><div class=\"wpcr3_hide\" itemprop=\"reviewRating\" itemscope itemtype=\"https:\/\/schema.org\/Rating\"><meta itemprop=\"bestRating\" content=\"5\" \/><meta itemprop=\"worstRating\" content=\"1\" \/><meta itemprop=\"ratingValue\" content=\"5\" \/><\/div><div class=\"wpcr3_review_ratingValue\"><div class=\"wpcr3_rating_style1\"><div class=\"wpcr3_rating_style1_base \"><div class=\"wpcr3_rating_style1_average\" style=\"width:100%;\"><\/div><\/div><\/div><\/div><div class=\"wpcr3_review_datePublished\" itemprop=\"datePublished\">Jun 26, 2025<\/div><div class=\"wpcr3_review_author\">&nbsp;by&nbsp;<span class=\"wpcr3_caps\">Diana Valencia<\/span><\/div><div class=\"wpcr3_clear\"><\/div><div class=\"wpcr3_clear\"><\/div><blockquote class=\"wpcr3_content\" itemprop=\"reviewBody\"><p>Termin\u00e9 amando el maquillaje realizado por Xime, me dej\u00f3 un acabo natural, como me gusta. Tiene un trato s\u00faper amable, aparte que durante la realizaci\u00f3n del maquillaje colocaba buena m\u00fasica \u2728<\/p><\/blockquote><\/div><div class=\"wpcr3_dotline\"><\/div><div id=\"wpcr3_id_161\" class=\"wpcr3_review\" itemprop=\"review\" itemscope itemtype=\"https:\/\/schema.org\/Review\"><div class=\"wpcr3_hide\" itemprop=\"author\" itemscope itemtype=\"https:\/\/schema.org\/Person\"><div itemprop=\"name\">Daniela L\u00e1zaro<\/div><\/div><div class=\"wpcr3_hide\" itemprop=\"reviewRating\" itemscope itemtype=\"https:\/\/schema.org\/Rating\"><meta itemprop=\"bestRating\" content=\"5\" \/><meta itemprop=\"worstRating\" content=\"1\" \/><meta itemprop=\"ratingValue\" content=\"5\" \/><\/div><div class=\"wpcr3_review_ratingValue\"><div class=\"wpcr3_rating_style1\"><div class=\"wpcr3_rating_style1_base \"><div class=\"wpcr3_rating_style1_average\" style=\"width:100%;\"><\/div><\/div><\/div><\/div><div class=\"wpcr3_review_datePublished\" itemprop=\"datePublished\">Jun 26, 2025<\/div><div class=\"wpcr3_review_author\">&nbsp;by&nbsp;<span class=\"wpcr3_caps\">Daniela L\u00e1zaro<\/span><\/div><div class=\"wpcr3_clear\"><\/div><div class=\"wpcr3_clear\"><\/div><blockquote class=\"wpcr3_content\" itemprop=\"reviewBody\"><p>Ximena es una profesional excelente! Todas las veces que hemos trabajado juntas en bodas lo ha hecho perfecto y mis novias quedan muy satisfecha con su trabajo! \ud83d\udc96<\/p><\/blockquote><\/div><div class=\"wpcr3_dotline\"><\/div><div id=\"wpcr3_id_160\" class=\"wpcr3_review\" itemprop=\"review\" itemscope itemtype=\"https:\/\/schema.org\/Review\"><div class=\"wpcr3_hide\" itemprop=\"author\" itemscope itemtype=\"https:\/\/schema.org\/Person\"><div itemprop=\"name\">Vanessa Alvarado<\/div><\/div><div class=\"wpcr3_hide\" itemprop=\"reviewRating\" itemscope itemtype=\"https:\/\/schema.org\/Rating\"><meta itemprop=\"bestRating\" content=\"5\" \/><meta itemprop=\"worstRating\" content=\"1\" \/><meta itemprop=\"ratingValue\" content=\"5\" \/><\/div><div class=\"wpcr3_review_ratingValue\"><div class=\"wpcr3_rating_style1\"><div class=\"wpcr3_rating_style1_base \"><div class=\"wpcr3_rating_style1_average\" style=\"width:100%;\"><\/div><\/div><\/div><\/div><div class=\"wpcr3_review_datePublished\" itemprop=\"datePublished\">Jun 25, 2025<\/div><div class=\"wpcr3_review_author\">&nbsp;by&nbsp;<span class=\"wpcr3_caps\">Vanessa Alvarado<\/span><\/div><div class=\"wpcr3_clear\"><\/div><div class=\"wpcr3_clear\"><\/div><blockquote class=\"wpcr3_content\" itemprop=\"reviewBody\"><p>Me maquill\u00e9 con Ximena para mi graduaci\u00f3n y me encant\u00f3 el resultado. Desde el inicio fue s\u00faper amable, profesional y muy atenta con lo que quer\u00eda. Le ped\u00ed un estilo natural pero que se viera lindo y especial para la ocasi\u00f3n, y logr\u00f3 exactamente eso.<br \/><br \/>\u00a1Sin duda volver\u00eda a maquillarme con ella!<\/p><\/blockquote><\/div><\/div><\/div><\/div><\/div><\/div>\n","protected":false},"excerpt":{"rendered":"<p>\u00bfYa te atendiste conmigo? Deja tu opini\u00f3n aqu\u00ed, me encantar\u00eda leerte. Gracias por ser parte de este espacio!<\/p>\n","protected":false},"author":1,"featured_media":64,"parent":0,"menu_order":0,"comment_status":"closed","ping_status":"open","template":"","meta":{"footnotes":""},"class_list":["post-2","page","type-page","status-publish","has-post-thumbnail","hentry"],"_links":{"self":[{"href":"https:\/\/ximbernal.com\/index.php?rest_route=\/wp\/v2\/pages\/2","targetHints":{"allow":["GET"]}}],"collection":[{"href":"https:\/\/ximbernal.com\/index.php?rest_route=\/wp\/v2\/pages"}],"about":[{"href":"https:\/\/ximbernal.com\/index.php?rest_route=\/wp\/v2\/types\/page"}],"author":[{"embeddable":true,"href":"https:\/\/ximbernal.com\/index.php?rest_route=\/wp\/v2\/users\/1"}],"replies":[{"embeddable":true,"href":"https:\/\/ximbernal.com\/index.php?rest_route=%2Fwp%2Fv2%2Fcomments&post=2"}],"version-history":[{"count":6,"href":"https:\/\/ximbernal.com\/index.php?rest_route=\/wp\/v2\/pages\/2\/revisions"}],"predecessor-version":[{"id":153,"href":"https:\/\/ximbernal.com\/index.php?rest_route=\/wp\/v2\/pages\/2\/revisions\/153"}],"wp:featuredmedia":[{"embeddable":true,"href":"https:\/\/ximbernal.com\/index.php?rest_route=\/wp\/v2\/media\/64"}],"wp:attachment":[{"href":"https:\/\/ximbernal.com\/index.php?rest_route=%2Fwp%2Fv2%2Fmedia&parent=2"}],"curies":[{"name":"wp","href":"https:\/\/api.w.org\/{rel}","templated":true}]}}